{"id":42711,"date":"2023-05-17T12:49:19","date_gmt":"2023-05-17T09:49:19","guid":{"rendered":"https:\/\/baltica.ee\/thursday-june-1\/"},"modified":"2023-05-25T21:45:51","modified_gmt":"2023-05-25T18:45:51","slug":"thursday-june-1","status":"publish","type":"page","link":"https:\/\/baltica.ee\/en\/thursday-june-1\/","title":{"rendered":"THURSDAY, JUNE 1"},"content":{"rendered":"<p><div class=\"fusion-fullwidth fullwidth-box fusion-builder-row-1 fusion-flex-container has-pattern-background has-mask-background nonhundred-percent-fullwidth non-hundred-percent-height-scrolling\" style=\"--awb-border-radius-top-left:0px;--awb-border-radius-top-right:0px;--awb-border-radius-bottom-right:0px;--awb-border-radius-bottom-left:0px;--awb-flex-wrap:wrap;\" ><div class=\"fusion-builder-row fusion-row fusion-flex-align-items-flex-start fusion-flex-content-wrap\" style=\"max-width:1352px;margin-left: calc(-4% \/ 2 );margin-right: calc(-4% \/ 2 );\"><div class=\"fusion-layout-column fusion_builder_column fusion-builder-column-0 fusion_builder_column_1_1 1_1 fusion-flex-column\" style=\"--awb-bg-size:cover;--awb-width-large:100%;--awb-margin-top-large:0px;--awb-spacing-right-large:1.92%;--awb-margin-bottom-large:20px;--awb-spacing-left-large:1.92%;--awb-width-medium:100%;--awb-order-medium:0;--awb-spacing-right-medium:1.92%;--awb-spacing-left-medium:1.92%;--awb-width-small:100%;--awb-order-small:0;--awb-spacing-right-small:1.92%;--awb-spacing-left-small:1.92%;\"><div class=\"fusion-column-wrapper fusion-column-has-shadow fusion-flex-justify-content-flex-start fusion-content-layout-column\"><div class=\"fusion-title title fusion-title-1 fusion-title-text fusion-title-size-three\" style=\"--awb-margin-top-small:0px;--awb-margin-right-small:0px;--awb-margin-bottom-small:20px;--awb-margin-left-small:0px;\"><div class=\"title-sep-container title-sep-container-left fusion-no-large-visibility fusion-no-medium-visibility fusion-no-small-visibility\"><div class=\"title-sep sep- sep-solid\" style=\"border-color:#e2e2e2;\"><\/div><\/div><span class=\"awb-title-spacer fusion-no-large-visibility fusion-no-medium-visibility fusion-no-small-visibility\"><\/span><h3 class=\"fusion-title-heading title-heading-left\" style=\"margin:0;\">THURSDAY, JUNE 1<\/h3><span class=\"awb-title-spacer\"><\/span><div class=\"title-sep-container title-sep-container-right\"><div class=\"title-sep sep- sep-solid\" style=\"border-color:#e2e2e2;\"><\/div><\/div><\/div><\/div><\/div><\/div><\/div><div class=\"fusion-fullwidth fullwidth-box fusion-builder-row-2 fusion-flex-container has-pattern-background has-mask-background nonhundred-percent-fullwidth non-hundred-percent-height-scrolling\" style=\"--awb-border-radius-top-left:0px;--awb-border-radius-top-right:0px;--awb-border-radius-bottom-right:0px;--awb-border-radius-bottom-left:0px;--awb-flex-wrap:wrap;\" ><div class=\"fusion-builder-row fusion-row fusion-flex-align-items-flex-start fusion-flex-content-wrap\" style=\"max-width:1352px;margin-left: calc(-4% \/ 2 );margin-right: calc(-4% \/ 2 );\"><div class=\"fusion-layout-column fusion_builder_column fusion-builder-column-1 fusion_builder_column_1_2 1_2 fusion-flex-column\" style=\"--awb-bg-size:cover;--awb-width-large:50%;--awb-margin-top-large:0px;--awb-spacing-right-large:3.84%;--awb-margin-bottom-large:20px;--awb-spacing-left-large:3.84%;--awb-width-medium:100%;--awb-order-medium:0;--awb-spacing-right-medium:1.92%;--awb-spacing-left-medium:1.92%;--awb-width-small:100%;--awb-order-small:0;--awb-spacing-right-small:1.92%;--awb-spacing-left-small:1.92%;\"><div class=\"fusion-column-wrapper fusion-column-has-shadow fusion-flex-justify-content-flex-start fusion-content-layout-column\"><div class=\"fusion-text fusion-text-1\"><h4>DAY OF HERITAGE IN P\u00d5LVA COUNTY<\/h4>\n<p>1:50 a.m. Concert at Viluste Primary School: Folklore Ensemble Rags (Lithuania)<\/p>\n<p>12:20 Concert in the folk house of Mooste manor: Folklore Group Rati (Latvia) and Ensemble Plaiurile Dornelor (Romania)<\/p>\n<p>18:00 Traditional party in the courtyard of the R\u00e4pina Creative House. Participants:<\/p>\n<\/div><\/div><\/div><div class=\"fusion-layout-column fusion_builder_column fusion-builder-column-2 fusion_builder_column_1_2 1_2 fusion-flex-column\" style=\"--awb-bg-size:cover;--awb-width-large:50%;--awb-margin-top-large:0px;--awb-spacing-right-large:3.84%;--awb-margin-bottom-large:20px;--awb-spacing-left-large:3.84%;--awb-width-medium:100%;--awb-order-medium:0;--awb-spacing-right-medium:1.92%;--awb-spacing-left-medium:1.92%;--awb-width-small:100%;--awb-order-small:0;--awb-spacing-right-small:1.92%;--awb-spacing-left-small:1.92%;\"><div class=\"fusion-column-wrapper fusion-column-has-shadow fusion-flex-justify-content-flex-start fusion-content-layout-column\"><div class=\"fusion-image-element \" style=\"--awb-caption-title-font-family:var(--h2_typography-font-family);--awb-caption-title-font-weight:var(--h2_typography-font-weight);--awb-caption-title-font-style:var(--h2_typography-font-style);--awb-caption-title-size:var(--h2_typography-font-size);--awb-caption-title-transform:var(--h2_typography-text-transform);--awb-caption-title-line-height:var(--h2_typography-line-height);--awb-caption-title-letter-spacing:var(--h2_typography-letter-spacing);\"><span class=\" fusion-imageframe imageframe-none imageframe-1 hover-type-none\"><img decoding=\"async\" width=\"723\" height=\"1024\" title=\"02_A2_01.06_r\u00e4pina_pidu_plakat\" src=\"https:\/\/baltica.ee\/wp-content\/uploads\/2023\/05\/02_A2_01.06_rapina_pidu_plakat-723x1024.jpg\" alt class=\"img-responsive wp-image-42715\" srcset=\"https:\/\/baltica.ee\/wp-content\/uploads\/2023\/05\/02_A2_01.06_rapina_pidu_plakat-200x283.jpg 200w, https:\/\/baltica.ee\/wp-content\/uploads\/2023\/05\/02_A2_01.06_rapina_pidu_plakat-400x566.jpg 400w, https:\/\/baltica.ee\/wp-content\/uploads\/2023\/05\/02_A2_01.06_rapina_pidu_plakat-600x850.jpg 600w, https:\/\/baltica.ee\/wp-content\/uploads\/2023\/05\/02_A2_01.06_rapina_pidu_plakat-800x1133.jpg 800w, https:\/\/baltica.ee\/wp-content\/uploads\/2023\/05\/02_A2_01.06_rapina_pidu_plakat-1200x1699.jpg 1200w, https:\/\/baltica.ee\/wp-content\/uploads\/2023\/05\/02_A2_01.06_rapina_pidu_plakat-scaled.jpg 1808w\" sizes=\"(max-width: 1024px) 100vw, (max-width: 640px) 100vw, 800px\" \/><\/span><\/div><\/div><\/div><\/div><\/div><div class=\"fusion-fullwidth fullwidth-box fusion-builder-row-3 fusion-flex-container has-pattern-background has-mask-background nonhundred-percent-fullwidth non-hundred-percent-height-scrolling\" style=\"--awb-border-radius-top-left:0px;--awb-border-radius-top-right:0px;--awb-border-radius-bottom-right:0px;--awb-border-radius-bottom-left:0px;--awb-flex-wrap:wrap;\" ><div class=\"fusion-builder-row fusion-row fusion-flex-align-items-flex-start fusion-flex-content-wrap\" style=\"max-width:1352px;margin-left: calc(-4% \/ 2 );margin-right: calc(-4% \/ 2 );\"><div class=\"fusion-layout-column fusion_builder_column fusion-builder-column-3 fusion_builder_column_1_2 1_2 fusion-flex-column\" style=\"--awb-bg-size:cover;--awb-width-large:50%;--awb-margin-top-large:0px;--awb-spacing-right-large:3.84%;--awb-margin-bottom-large:20px;--awb-spacing-left-large:3.84%;--awb-width-medium:100%;--awb-order-medium:0;--awb-spacing-right-medium:1.92%;--awb-spacing-left-medium:1.92%;--awb-width-small:100%;--awb-order-small:0;--awb-spacing-right-small:1.92%;--awb-spacing-left-small:1.92%;\"><div class=\"fusion-column-wrapper fusion-column-has-shadow fusion-flex-justify-content-flex-start fusion-content-layout-column\"><div class=\"fusion-text fusion-text-2\"><ul>\n<li>Folklore Group Rati (Latvia)<\/li>\n<li>Ensemble Plaiurile Dornelor (Romania)<\/li>\n<li>Folklore Ensemble Rags (Lithuania)<\/li>\n<li>Folklore Club Maatasa (Estonia, Tartu)<\/li>\n<li>Mooste Folk Music Club and soloists (Estonia, Mooste)<\/li>\n<li>Folk Orchestra Kannel (Estonia, V\u00f5ru)<\/li>\n<li>Estonian Zither Ensemble Hel\u00fchand (Estonia, V\u00f5ru county)<\/li>\n<li>Kirekib\u00f5naq (Estonia, Vana-V\u00f5romaa)<\/li>\n<li>Female Folk Dance Group Lustiline (Estonia, V\u00e4rska)<\/li>\n<\/ul>\n<\/div><\/div><\/div><div class=\"fusion-layout-column fusion_builder_column fusion-builder-column-4 fusion_builder_column_1_2 1_2 fusion-flex-column\" style=\"--awb-bg-size:cover;--awb-width-large:50%;--awb-margin-top-large:0px;--awb-spacing-right-large:3.84%;--awb-margin-bottom-large:20px;--awb-spacing-left-large:3.84%;--awb-width-medium:100%;--awb-order-medium:0;--awb-spacing-right-medium:1.92%;--awb-spacing-left-medium:1.92%;--awb-width-small:100%;--awb-order-small:0;--awb-spacing-right-small:1.92%;--awb-spacing-left-small:1.92%;\"><div class=\"fusion-column-wrapper fusion-column-has-shadow fusion-flex-justify-content-flex-start fusion-content-layout-column\"><div class=\"fusion-text fusion-text-3\"><ul>\n<li>K\u00e4okirjas (Estonia, P\u00f5lva)<\/li>\n<li>Ilots\u00f5\u00f5r (Estonia, P\u00f5lva)<\/li>\n<li>Velo&#8217; (Estonia, P\u00f5lva)<\/li>\n<li>Madara&#8217; (Estonia, P\u00f5lva)<\/li>\n<li>K\u00f5ivok\u00f5s\u00f5 (Estonia, Vastse-Kuuste)<\/li>\n<li>R\u00e4pina Creative House\u2019s Toddlers (Estonia, R\u00e4pina)<\/li>\n<li>R\u00e4pina High School\u2019s Toddlers\u2019 Choir\u00a0 (Estonia, R\u00e4pina)<\/li>\n<li>R\u00e4pina High School\u2019s Boys\u2019 Choir (Estonia, R\u00e4pina)<\/li>\n<li>R\u00e4pina Kindergarten Vikerkaar (Estonia, R\u00e4pina)<\/li>\n<\/ul>\n<\/div><\/div><\/div><\/div><\/div><div class=\"fusion-fullwidth fullwidth-box fusion-builder-row-4 fusion-flex-container has-pattern-background has-mask-background nonhundred-percent-fullwidth non-hundred-percent-height-scrolling\" style=\"--awb-border-radius-top-left:0px;--awb-border-radius-top-right:0px;--awb-border-radius-bottom-right:0px;--awb-border-radius-bottom-left:0px;--awb-flex-wrap:wrap;\" ><div class=\"fusion-builder-row fusion-row fusion-flex-align-items-flex-start fusion-flex-content-wrap\" style=\"max-width:1352px;margin-left: calc(-4% \/ 2 );margin-right: calc(-4% \/ 2 );\"><div class=\"fusion-layout-column fusion_builder_column fusion-builder-column-5 fusion_builder_column_1_1 1_1 fusion-flex-column\" style=\"--awb-bg-size:cover;--awb-width-large:100%;--awb-margin-top-large:0px;--awb-spacing-right-large:1.92%;--awb-margin-bottom-large:20px;--awb-spacing-left-large:1.92%;--awb-width-medium:100%;--awb-order-medium:0;--awb-spacing-right-medium:1.92%;--awb-spacing-left-medium:1.92%;--awb-width-small:100%;--awb-order-small:0;--awb-spacing-right-small:1.92%;--awb-spacing-left-small:1.92%;\"><div class=\"fusion-column-wrapper fusion-column-has-shadow fusion-flex-justify-content-flex-start fusion-content-layout-column\"><div class=\"fusion-text fusion-text-4\"><p>Organizers: Krista Sildoja and Marge Trumsi.<\/p>\n<\/div><\/div><\/div><\/div><\/div><div class=\"fusion-fullwidth fullwidth-box fusion-builder-row-5 fusion-flex-container has-pattern-background has-mask-background nonhundred-percent-fullwidth non-hundred-percent-height-scrolling\" style=\"--awb-border-radius-top-left:0px;--awb-border-radius-top-right:0px;--awb-border-radius-bottom-right:0px;--awb-border-radius-bottom-left:0px;--awb-flex-wrap:wrap;\" ><div class=\"fusion-builder-row fusion-row fusion-flex-align-items-flex-start fusion-flex-content-wrap\" style=\"max-width:1352px;margin-left: calc(-4% \/ 2 );margin-right: calc(-4% \/ 2 );\"><div class=\"fusion-layout-column fusion_builder_column fusion-builder-column-6 fusion_builder_column_1_2 1_2 fusion-flex-column\" style=\"--awb-bg-size:cover;--awb-width-large:50%;--awb-margin-top-large:0px;--awb-spacing-right-large:3.84%;--awb-margin-bottom-large:20px;--awb-spacing-left-large:3.84%;--awb-width-medium:100%;--awb-order-medium:0;--awb-spacing-right-medium:1.92%;--awb-spacing-left-medium:1.92%;--awb-width-small:100%;--awb-order-small:0;--awb-spacing-right-small:1.92%;--awb-spacing-left-small:1.92%;\"><div class=\"fusion-column-wrapper fusion-column-has-shadow fusion-flex-justify-content-flex-start fusion-content-layout-column\"><div class=\"fusion-title title fusion-title-2 fusion-title-text fusion-title-size-four\" style=\"--awb-margin-top-small:0px;--awb-margin-right-small:0px;--awb-margin-bottom-small:20px;--awb-margin-left-small:0px;\"><div class=\"title-sep-container title-sep-container-left fusion-no-large-visibility fusion-no-medium-visibility fusion-no-small-visibility\"><div class=\"title-sep sep- sep-solid\" style=\"border-color:#e2e2e2;\"><\/div><\/div><span class=\"awb-title-spacer fusion-no-large-visibility fusion-no-medium-visibility fusion-no-small-visibility\"><\/span><h4 class=\"fusion-title-heading title-heading-left\" style=\"margin:0;\"><h4>DAY OF HERITAGE IN J\u00c4RVA COUNTY<\/h4><\/h4><span class=\"awb-title-spacer\"><\/span><div class=\"title-sep-container title-sep-container-right\"><div class=\"title-sep sep- sep-solid\" style=\"border-color:#e2e2e2;\"><\/div><\/div><\/div><div class=\"fusion-text fusion-text-5\"><p>10.00 Concert in J\u00e4rva-Jaani High School: Riga Family Folklore Studio Garataka (Latvia)<\/p>\n<p>10.00 Concert in Aravete High School: Group for Authentic Folklore Diado Dragoi (Bulgaria)<\/p>\n<p>11.30 Concert in Koeru High School: Riga Family Folklore Studio Garataka (Latvia)<\/p>\n<p>12.00 Concert in Albu Elementary School: Group for Authentic Folklore Diado Dragoi (Bulgaria)<\/p>\n<p>14.00-16.00 Workshop of national cuisine at Tammsaare Museum in Vargam\u00e4e<\/p>\n<p>17.00-23.30 Folklore party \u201ePentecost in Vetepere\u201c at Tammsaare Museum in Vargam\u00e4e.<\/p>\n<p>Participants:<\/p>\n<ul>\n<li>\u00dcksm\u00fcts ja Meite lapse pillituba (Estonia, Albu)<\/li>\n<li>Group for Authentic Folklore Diado Dragoi (Bulgaria)<\/li>\n<li>Riga Family Folklore Studio Garataka (Latvia)<\/li>\n<li>Hopsassa (Estonia, Kose)<\/li>\n<\/ul>\n<p>Lighting the bonfire, bonfire songs, picnic, dancing together, workshop of national ribbons.<\/p>\n<\/div><\/div><\/div><div class=\"fusion-layout-column fusion_builder_column fusion-builder-column-7 fusion_builder_column_1_2 1_2 fusion-flex-column\" style=\"--awb-bg-size:cover;--awb-width-large:50%;--awb-margin-top-large:0px;--awb-spacing-right-large:3.84%;--awb-margin-bottom-large:20px;--awb-spacing-left-large:3.84%;--awb-width-medium:100%;--awb-order-medium:0;--awb-spacing-right-medium:1.92%;--awb-spacing-left-medium:1.92%;--awb-width-small:100%;--awb-order-small:0;--awb-spacing-right-small:1.92%;--awb-spacing-left-small:1.92%;\"><div class=\"fusion-column-wrapper fusion-column-has-shadow fusion-flex-justify-content-flex-start fusion-content-layout-column\"><div class=\"fusion-image-element \" style=\"--awb-caption-title-font-family:var(--h2_typography-font-family);--awb-caption-title-font-weight:var(--h2_typography-font-weight);--awb-caption-title-font-style:var(--h2_typography-font-style);--awb-caption-title-size:var(--h2_typography-font-size);--awb-caption-title-transform:var(--h2_typography-text-transform);--awb-caption-title-line-height:var(--h2_typography-line-height);--awb-caption-title-letter-spacing:var(--h2_typography-letter-spacing);\"><span class=\" fusion-imageframe imageframe-none imageframe-2 hover-type-none\"><img decoding=\"async\" width=\"723\" height=\"1024\" title=\"04_A2_01.06_j\u00e4rvamaa_pidu_plakat (1)\" src=\"https:\/\/baltica.ee\/wp-content\/uploads\/2023\/05\/04_A2_01.06_jarvamaa_pidu_plakat-1-723x1024.jpg\" alt class=\"img-responsive wp-image-42713\" srcset=\"https:\/\/baltica.ee\/wp-content\/uploads\/2023\/05\/04_A2_01.06_jarvamaa_pidu_plakat-1-200x283.jpg 200w, https:\/\/baltica.ee\/wp-content\/uploads\/2023\/05\/04_A2_01.06_jarvamaa_pidu_plakat-1-400x566.jpg 400w, https:\/\/baltica.ee\/wp-content\/uploads\/2023\/05\/04_A2_01.06_jarvamaa_pidu_plakat-1-600x850.jpg 600w, https:\/\/baltica.ee\/wp-content\/uploads\/2023\/05\/04_A2_01.06_jarvamaa_pidu_plakat-1-800x1133.jpg 800w, https:\/\/baltica.ee\/wp-content\/uploads\/2023\/05\/04_A2_01.06_jarvamaa_pidu_plakat-1-1200x1699.jpg 1200w, https:\/\/baltica.ee\/wp-content\/uploads\/2023\/05\/04_A2_01.06_jarvamaa_pidu_plakat-1-scaled.jpg 1808w\" sizes=\"(max-width: 1024px) 100vw, (max-width: 640px) 100vw, 800px\" \/><\/span><\/div><\/div><\/div><\/div><\/div><\/p>\n","protected":false},"excerpt":{"rendered":"","protected":false},"author":2,"featured_media":0,"parent":0,"menu_order":0,"comment_status":"closed","ping_status":"closed","template":"","meta":{"footnotes":""},"class_list":["post-42711","page","type-page","status-publish","hentry"],"yoast_head":"<!-- This site is optimized with the Yoast SEO plugin v27.4 - https:\/\/yoast.com\/product\/yoast-seo-wordpress\/ -->\n<title>THURSDAY, JUNE 1 - Baltica<\/title>\n<meta name=\"robots\" content=\"index, follow, max-snippet:-1, max-image-preview:large, max-video-preview:-1\" \/>\n<link rel=\"canonical\" href=\"https:\/\/baltica.ee\/en\/thursday-june-1\/\" \/>\n<meta property=\"og:locale\" content=\"en_US\" \/>\n<meta property=\"og:type\" content=\"article\" \/>\n<meta property=\"og:title\" content=\"THURSDAY, JUNE 1 - Baltica\" \/>\n<meta property=\"og:url\" content=\"https:\/\/baltica.ee\/en\/thursday-june-1\/\" \/>\n<meta property=\"og:site_name\" content=\"Baltica\" \/>\n<meta property=\"article:publisher\" content=\"https:\/\/www.facebook.com\/balticaeesti\/\" \/>\n<meta property=\"article:modified_time\" content=\"2023-05-25T18:45:51+00:00\" \/>\n<meta property=\"og:image\" content=\"https:\/\/baltica.ee\/wp-content\/uploads\/2021\/12\/baltica-logo-211220.jpg\" \/>\n\t<meta property=\"og:image:width\" content=\"360\" \/>\n\t<meta property=\"og:image:height\" content=\"360\" \/>\n\t<meta property=\"og:image:type\" content=\"image\/jpeg\" \/>\n<meta name=\"twitter:card\" content=\"summary_large_image\" \/>\n<meta name=\"twitter:label1\" content=\"Est. reading time\" \/>\n\t<meta name=\"twitter:data1\" content=\"13 minutes\" \/>\n<script type=\"application\/ld+json\" class=\"yoast-schema-graph\">{\"@context\":\"https:\\\/\\\/schema.org\",\"@graph\":[{\"@type\":\"WebPage\",\"@id\":\"https:\\\/\\\/baltica.ee\\\/en\\\/thursday-june-1\\\/\",\"url\":\"https:\\\/\\\/baltica.ee\\\/en\\\/thursday-june-1\\\/\",\"name\":\"THURSDAY, JUNE 1 - Baltica\",\"isPartOf\":{\"@id\":\"https:\\\/\\\/baltica.ee\\\/en\\\/#website\"},\"datePublished\":\"2023-05-17T09:49:19+00:00\",\"dateModified\":\"2023-05-25T18:45:51+00:00\",\"breadcrumb\":{\"@id\":\"https:\\\/\\\/baltica.ee\\\/en\\\/thursday-june-1\\\/#breadcrumb\"},\"inLanguage\":\"en-US\",\"potentialAction\":[{\"@type\":\"ReadAction\",\"target\":[\"https:\\\/\\\/baltica.ee\\\/en\\\/thursday-june-1\\\/\"]}]},{\"@type\":\"BreadcrumbList\",\"@id\":\"https:\\\/\\\/baltica.ee\\\/en\\\/thursday-june-1\\\/#breadcrumb\",\"itemListElement\":[{\"@type\":\"ListItem\",\"position\":1,\"name\":\"Home\",\"item\":\"https:\\\/\\\/baltica.ee\\\/en\\\/\"},{\"@type\":\"ListItem\",\"position\":2,\"name\":\"THURSDAY, JUNE 1\"}]},{\"@type\":\"WebSite\",\"@id\":\"https:\\\/\\\/baltica.ee\\\/en\\\/#website\",\"url\":\"https:\\\/\\\/baltica.ee\\\/en\\\/\",\"name\":\"Baltica\",\"description\":\"Rahvusvaheline p\u00e4rimuspidu\",\"publisher\":{\"@id\":\"https:\\\/\\\/baltica.ee\\\/en\\\/#organization\"},\"potentialAction\":[{\"@type\":\"SearchAction\",\"target\":{\"@type\":\"EntryPoint\",\"urlTemplate\":\"https:\\\/\\\/baltica.ee\\\/en\\\/?s={search_term_string}\"},\"query-input\":{\"@type\":\"PropertyValueSpecification\",\"valueRequired\":true,\"valueName\":\"search_term_string\"}}],\"inLanguage\":\"en-US\"},{\"@type\":\"Organization\",\"@id\":\"https:\\\/\\\/baltica.ee\\\/en\\\/#organization\",\"name\":\"Hakkame santima\",\"url\":\"https:\\\/\\\/baltica.ee\\\/en\\\/\",\"logo\":{\"@type\":\"ImageObject\",\"inLanguage\":\"en-US\",\"@id\":\"https:\\\/\\\/baltica.ee\\\/en\\\/#\\\/schema\\\/logo\\\/image\\\/\",\"url\":\"https:\\\/\\\/hakkamesantima.ee\\\/wp-content\\\/uploads\\\/2020\\\/09\\\/Veebilehe-pealdis_apelsin-217x291_2.png\",\"contentUrl\":\"https:\\\/\\\/hakkamesantima.ee\\\/wp-content\\\/uploads\\\/2020\\\/09\\\/Veebilehe-pealdis_apelsin-217x291_2.png\",\"width\":142,\"height\":190,\"caption\":\"Hakkame santima\"},\"image\":{\"@id\":\"https:\\\/\\\/baltica.ee\\\/en\\\/#\\\/schema\\\/logo\\\/image\\\/\"},\"sameAs\":[\"https:\\\/\\\/www.facebook.com\\\/balticaeesti\\\/\"]}]}<\/script>\n<!-- \/ Yoast SEO plugin. -->","yoast_head_json":{"title":"THURSDAY, JUNE 1 - Baltica","robots":{"index":"index","follow":"follow","max-snippet":"max-snippet:-1","max-image-preview":"max-image-preview:large","max-video-preview":"max-video-preview:-1"},"canonical":"https:\/\/baltica.ee\/en\/thursday-june-1\/","og_locale":"en_US","og_type":"article","og_title":"THURSDAY, JUNE 1 - Baltica","og_url":"https:\/\/baltica.ee\/en\/thursday-june-1\/","og_site_name":"Baltica","article_publisher":"https:\/\/www.facebook.com\/balticaeesti\/","article_modified_time":"2023-05-25T18:45:51+00:00","og_image":[{"width":360,"height":360,"url":"https:\/\/baltica.ee\/wp-content\/uploads\/2021\/12\/baltica-logo-211220.jpg","type":"image\/jpeg"}],"twitter_card":"summary_large_image","twitter_misc":{"Est. reading time":"13 minutes"},"schema":{"@context":"https:\/\/schema.org","@graph":[{"@type":"WebPage","@id":"https:\/\/baltica.ee\/en\/thursday-june-1\/","url":"https:\/\/baltica.ee\/en\/thursday-june-1\/","name":"THURSDAY, JUNE 1 - Baltica","isPartOf":{"@id":"https:\/\/baltica.ee\/en\/#website"},"datePublished":"2023-05-17T09:49:19+00:00","dateModified":"2023-05-25T18:45:51+00:00","breadcrumb":{"@id":"https:\/\/baltica.ee\/en\/thursday-june-1\/#breadcrumb"},"inLanguage":"en-US","potentialAction":[{"@type":"ReadAction","target":["https:\/\/baltica.ee\/en\/thursday-june-1\/"]}]},{"@type":"BreadcrumbList","@id":"https:\/\/baltica.ee\/en\/thursday-june-1\/#breadcrumb","itemListElement":[{"@type":"ListItem","position":1,"name":"Home","item":"https:\/\/baltica.ee\/en\/"},{"@type":"ListItem","position":2,"name":"THURSDAY, JUNE 1"}]},{"@type":"WebSite","@id":"https:\/\/baltica.ee\/en\/#website","url":"https:\/\/baltica.ee\/en\/","name":"Baltica","description":"Rahvusvaheline p\u00e4rimuspidu","publisher":{"@id":"https:\/\/baltica.ee\/en\/#organization"},"potentialAction":[{"@type":"SearchAction","target":{"@type":"EntryPoint","urlTemplate":"https:\/\/baltica.ee\/en\/?s={search_term_string}"},"query-input":{"@type":"PropertyValueSpecification","valueRequired":true,"valueName":"search_term_string"}}],"inLanguage":"en-US"},{"@type":"Organization","@id":"https:\/\/baltica.ee\/en\/#organization","name":"Hakkame santima","url":"https:\/\/baltica.ee\/en\/","logo":{"@type":"ImageObject","inLanguage":"en-US","@id":"https:\/\/baltica.ee\/en\/#\/schema\/logo\/image\/","url":"https:\/\/hakkamesantima.ee\/wp-content\/uploads\/2020\/09\/Veebilehe-pealdis_apelsin-217x291_2.png","contentUrl":"https:\/\/hakkamesantima.ee\/wp-content\/uploads\/2020\/09\/Veebilehe-pealdis_apelsin-217x291_2.png","width":142,"height":190,"caption":"Hakkame santima"},"image":{"@id":"https:\/\/baltica.ee\/en\/#\/schema\/logo\/image\/"},"sameAs":["https:\/\/www.facebook.com\/balticaeesti\/"]}]}},"_links":{"self":[{"href":"https:\/\/baltica.ee\/en\/wp-json\/wp\/v2\/pages\/42711","targetHints":{"allow":["GET"]}}],"collection":[{"href":"https:\/\/baltica.ee\/en\/wp-json\/wp\/v2\/pages"}],"about":[{"href":"https:\/\/baltica.ee\/en\/wp-json\/wp\/v2\/types\/page"}],"author":[{"embeddable":true,"href":"https:\/\/baltica.ee\/en\/wp-json\/wp\/v2\/users\/2"}],"replies":[{"embeddable":true,"href":"https:\/\/baltica.ee\/en\/wp-json\/wp\/v2\/comments?post=42711"}],"version-history":[{"count":5,"href":"https:\/\/baltica.ee\/en\/wp-json\/wp\/v2\/pages\/42711\/revisions"}],"predecessor-version":[{"id":42845,"href":"https:\/\/baltica.ee\/en\/wp-json\/wp\/v2\/pages\/42711\/revisions\/42845"}],"wp:attachment":[{"href":"https:\/\/baltica.ee\/en\/wp-json\/wp\/v2\/media?parent=42711"}],"curies":[{"name":"wp","href":"https:\/\/api.w.org\/{rel}","templated":true}]}}